{"id":9,"date":"2015-05-23T08:12:39","date_gmt":"2015-05-23T06:12:39","guid":{"rendered":"http:\/\/lacastacuina.cat\/?page_id=9"},"modified":"2015-11-15T12:27:12","modified_gmt":"2015-11-15T10:27:12","slug":"inicio","status":"publish","type":"page","link":"https:\/\/lacastacuina.cat\/ca\/inicio\/","title":{"rendered":"Jo mateixa"},"content":{"rendered":"<p><a class=\"padding: 5px\" href=\"https:\/\/lacastacuina.cat\/wp-content\/uploads\/2015\/05\/IMG_20141226_175908.jpg\"><img loading=\"lazy\" decoding=\"async\" class=\"alignleft wp-image-159 size-medium\" src=\"https:\/\/lacastacuina.cat\/wp-content\/uploads\/2015\/05\/IMG_20141226_175908-195x300.jpg\" alt=\"IMG_20141226_175908\" width=\"195\" height=\"300\" srcset=\"https:\/\/lacastacuina.cat\/wp-content\/uploads\/2015\/05\/IMG_20141226_175908-195x300.jpg 195w, https:\/\/lacastacuina.cat\/wp-content\/uploads\/2015\/05\/IMG_20141226_175908-665x1024.jpg 665w, https:\/\/lacastacuina.cat\/wp-content\/uploads\/2015\/05\/IMG_20141226_175908-162x250.jpg 162w, https:\/\/lacastacuina.cat\/wp-content\/uploads\/2015\/05\/IMG_20141226_175908-510x785.jpg 510w, https:\/\/lacastacuina.cat\/wp-content\/uploads\/2015\/05\/IMG_20141226_175908.jpg 1080w\" sizes=\"(max-width: 195px) 100vw, 195px\" \/><\/a>M&#8217;agrada molt fer postres i no tant menjar-me-les&#8230; Llesta, eh? Em relaxa, em distreu, no m&#8217;engreixa i engreixa als dem\u00e9s!!! Pobres conillets&#8230;. He fet moltes receptes i moltes no m&#8217;han sortit b\u00e9&#8230; segurament per la meva manca de destresa, per\u00f2 com tinc l&#8217;autoestima molt ben col\u00b7locada darrerament he comen\u00e7at a sospitar que eren receptes dolentes. I aix\u00ed neix el meu blog&#8230; Aqu\u00ed trobareu receptes que s\u00ed funcionen, pans de pessic que pugen, muffins amb aut\u00e8ntic sabor, cremes pastisseres bones&#8230; quantes vegades us ha decebut una recepta de past\u00eds de formatge? Mil?\u00a0A m\u00e9s a m\u00e9s, em serveix per no perdre les troballes i tenir-les totes recopilades&#8230; S\u00f3n moltes hores buscant per la xarxa dues coses: una bona recepta de la rebosteria b\u00e0sica i coses diferents. \u00a0I amb les dues facetes et trobes problemes ja que quantes receptes hi ha al m\u00f3n de brownies? I d&#8217;altra banda, la gent cau en la temptaci\u00f3 de publicar receptes molt originals, per\u00f2 de fet ni s\u00f3n ni estan bones&#8230; \u00a0I despr\u00e9s de tant de temps navegant, mirant programes de cuina, fullejant llibres finalment m&#8217;he decidit a publicar el que a mi m&#8217;agrada. Crec que \u00e9s aix\u00ed de senzill. Buscar, tastar, provar&#8230; i al final publicar senzillament el que m&#8217;ha funcionat i el que m&#8217;agrada. Jo no puc competir amb blogs que s\u00f3n professionals i que m&#8217;encanta que existeixin on trobes mil versions de tot, s\u00f3n aut\u00e8ntiques enciclop\u00e8dies del s. XXI. El Rinc\u00f3n de Bea, La Reposter\u00eda de Miguel, El Cupcake Perfecto d&#8217;Alma&#8230; s\u00f3n referents per tots els qui hem buscat una recepta per internet. Jo m&#8217;estava convertint en un Golum desendre\u00e7at i aquesta \u00e9s la meva manera d&#8217;organitzar-me i compartir, que al final es veu que \u00e9s bonic i recompensa i bla, bla, bla. Haig de confessar que m&#8217;ha costat molt decidir-me perqu\u00e8 s\u00f3c una mica egoista amb les meves receptes, tinc amics que m&#8217;han implorat que compart\u00eds els meus coneixaments i mai ho he fet, jijiji&#8230; Per\u00f2 he madurat i aqu\u00ed les teniu. Desitjo que us agradin!<\/p>\n<p>&nbsp;<\/p>\n","protected":false},"excerpt":{"rendered":"<p>M&#8217;agrada molt fer postres i no tant menjar-me-les&#8230; Llesta, eh? Em relaxa, em distreu, no m&#8217;engreixa i engreixa als dem\u00e9s!!! Pobres conillets&#8230;. He fet moltes receptes i moltes no m&#8217;han sortit b\u00e9&#8230; segurament per la meva manca de destresa, per\u00f2 com tinc l&#8217;autoestima molt ben col\u00b7locada darrerament he comen\u00e7at a sospitar que eren receptes dolentes. [&hellip;]<\/p>\n","protected":false},"author":1,"featured_media":0,"parent":0,"menu_order":0,"comment_status":"closed","ping_status":"open","template":"","meta":{"_ca_post_content":"<a class=\"padding: 5px\" href=\"https:\/\/lacastacuina.cat\/wp-content\/uploads\/2015\/05\/IMG_20141226_175908.jpg\"><img class=\"alignleft wp-image-159 size-medium\" src=\"https:\/\/lacastacuina.cat\/wp-content\/uploads\/2015\/05\/IMG_20141226_175908-195x300.jpg\" alt=\"IMG_20141226_175908\" width=\"195\" height=\"300\" \/><\/a>M'agrada molt fer postres i no tant menjar-me-les... Llesta, eh? Em relaxa, em distreu, no m'engreixa i engreixa als dem\u00e9s!!! Pobres conillets.... He fet moltes receptes i moltes no m'han sortit b\u00e9... segurament per la meva manca de destresa, per\u00f2 com tinc l'autoestima molt ben col\u00b7locada darrerament he comen\u00e7at a sospitar que eren receptes dolentes. I aix\u00ed neix el meu blog... Aqu\u00ed trobareu receptes que s\u00ed funcionen, pans de pessic que pugen, muffins amb aut\u00e8ntic sabor, cremes pastisseres bones... quantes vegades us ha decebut una recepta de past\u00eds de formatge? Mil?\u00a0A m\u00e9s a m\u00e9s, em serveix per no perdre les troballes i tenir-les totes recopilades... S\u00f3n moltes hores buscant per la xarxa dues coses: una bona recepta de la rebosteria b\u00e0sica i coses diferents. \u00a0I amb les dues facetes et trobes problemes ja que quantes receptes hi ha al m\u00f3n de brownies? I d'altra banda, la gent cau en la temptaci\u00f3 de publicar receptes molt originals, per\u00f2 de fet ni s\u00f3n ni estan bones... \u00a0I despr\u00e9s de tant de temps navegant, mirant programes de cuina, fullejant llibres finalment m'he decidit a publicar el que a mi m'agrada. Crec que \u00e9s aix\u00ed de senzill. Buscar, tastar, provar... i al final publicar senzillament el que m'ha funcionat i el que m'agrada. Jo no puc competir amb blogs que s\u00f3n professionals i que m'encanta que existeixin on trobes mil versions de tot, s\u00f3n aut\u00e8ntiques enciclop\u00e8dies del s. XXI. El Rinc\u00f3n de Bea, La Reposter\u00eda de Miguel, El Cupcake Perfecto d'Alma... s\u00f3n referents per tots els qui hem buscat una recepta per internet. Jo m'estava convertint en un Golum desendre\u00e7at i aquesta \u00e9s la meva manera d'organitzar-me i compartir, que al final es veu que \u00e9s bonic i recompensa i bla, bla, bla. Haig de confessar que m'ha costat molt decidir-me perqu\u00e8 s\u00f3c una mica egoista amb les meves receptes, tinc amics que m'han implorat que compart\u00eds els meus coneixaments i mai ho he fet, jijiji... Per\u00f2 he madurat i aqu\u00ed les teniu. Desitjo que us agradin!\r\n\r\n&nbsp;","_ca_post_name":"inicio","_ca_post_excerpt":"","_ca_post_title":"Jo mateixa","_es_post_content":"<a class=\"padding: 5px\" href=\"https:\/\/lacastacuina.cat\/wp-content\/uploads\/2015\/05\/IMG_20141226_175908.jpg\"><img class=\"alignleft wp-image-159 size-medium\" src=\"https:\/\/lacastacuina.cat\/wp-content\/uploads\/2015\/05\/IMG_20141226_175908-195x300.jpg\" alt=\"IMG_20141226_175908\" width=\"195\" height=\"300\" \/><\/a>\u00a0Me gusta mucho hacer postres y no tanto com\u00e9rmelos. Lista, eh? Me relaja, me distrae, no me engorda y engorda a los dem\u00e1s!!! Pobres conejitos... He hecho muchas recetas y muchas no me han salido bien... seguramente por mi falta de habilidad, pero como tengo la autoestima muy bien colocada \u00faltimamente empec\u00e9 a sospechar que eran recetas malas. Y as\u00ed nace mi blog... Aqu\u00ed encontrar\u00e9is recetas que s\u00ed funcionan, bizcochos que suben, muffins con aut\u00e9ntico sabor, cremas pasteleras buenas... cuantas veces os ha decepcionado una receta de pastel de queso? Mil? Adem\u00e1s, me sirve para no perder mis hallazgos y tenerlos todos recopilados... Son muchas horas buscando por la red dos cosas: una buena receta de la reposter\u00eda b\u00e1sica y cosas diferentes... Y con las dos facetas te encuentras con problemas ya que cuantas recetas hay en el mundo de brownies? Y por otra parte, la gente cae en la tentaci\u00f3n de publicar recetas muy originales, pero ni son ni estan buenas... Y despu\u00e9s de tanto tiempo navegando, mirando programas de cocina, hojeando libros me decid\u00ed a publicar lo que me ha funcionado y lo que me gusta. Yo no puedo competir con blogs que son profesionales i que me encanta que existan donde encuentras mil versiones de todo, son aut\u00e9nticas enciclopedias del s.XXI. El Rinc\u00f3n de Bea, La Reposter\u00eda de Miguel, El cupcake perfecto de Alma... son referentes para todos los que hemos buscado una receta por internet. Yo me estaba convirtiendo en un Golum desordenado y \u00e9sta es mi manera de organizarme y compartir, que al final se ve que es bonito y recompensa y bla, bla, bla. Tengo que confesar que me cost\u00f3 decidirme porqu\u00e9 soy un poquito egoista con mis recetas, tengo amigos que me han implorado que compartiera mis conocimientos y nunca lo he hecho, jijiji... Pero madur\u00e9 y aqu\u00ed las ten\u00e9is. Espero que os gusten!\r\n\r\n&nbsp;\r\n\r\n&nbsp;\r\n\r\n&nbsp;","_es_post_name":"inicio","_es_post_excerpt":"","_es_post_title":"Yo misma","edit_language":"ca","footnotes":""},"_links":{"self":[{"href":"https:\/\/lacastacuina.cat\/ca\/wp-json\/wp\/v2\/pages\/9"}],"collection":[{"href":"https:\/\/lacastacuina.cat\/ca\/wp-json\/wp\/v2\/pages"}],"about":[{"href":"https:\/\/lacastacuina.cat\/ca\/wp-json\/wp\/v2\/types\/page"}],"author":[{"embeddable":true,"href":"https:\/\/lacastacuina.cat\/ca\/wp-json\/wp\/v2\/users\/1"}],"replies":[{"embeddable":true,"href":"https:\/\/lacastacuina.cat\/ca\/wp-json\/wp\/v2\/comments?post=9"}],"version-history":[{"count":18,"href":"https:\/\/lacastacuina.cat\/ca\/wp-json\/wp\/v2\/pages\/9\/revisions"}],"predecessor-version":[{"id":542,"href":"https:\/\/lacastacuina.cat\/ca\/wp-json\/wp\/v2\/pages\/9\/revisions\/542"}],"wp:attachment":[{"href":"https:\/\/lacastacuina.cat\/ca\/wp-json\/wp\/v2\/media?parent=9"}],"curies":[{"name":"wp","href":"https:\/\/api.w.org\/{rel}","templated":true}]}}